{"id":89,"date":"2025-11-05T08:41:55","date_gmt":"2025-11-05T11:41:55","guid":{"rendered":"https:\/\/jugarimpa.com\/grupodepromos\/?page_id=89"},"modified":"2026-04-28T23:40:12","modified_gmt":"2026-04-29T02:40:12","slug":"grupo1","status":"publish","type":"page","link":"https:\/\/jugarimpa.com\/grupodepromos\/grupo1\/","title":{"rendered":"Grupo de Promos"},"content":{"rendered":"\t\t<div data-elementor-type=\"wp-page\" data-elementor-id=\"89\" class=\"elementor elementor-89\">\n\t\t\t\t<div class=\"elementor-element elementor-element-ee646a4 e-flex e-con-boxed e-con e-parent\" data-id=\"ee646a4\" data-element_type=\"container\" data-settings=\"{&quot;background_background&quot;:&quot;slideshow&quot;,&quot;background_slideshow_gallery&quot;:[{&quot;id&quot;:40,&quot;url&quot;:&quot;https:\\\/\\\/jugarimpa.com\\\/grupodepromos\\\/wp-content\\\/uploads\\\/2025\\\/11\\\/Capa-de-canal-influencer-delicado-rose-preto-banner-para-youtube.png&quot;}],&quot;background_slideshow_loop&quot;:&quot;yes&quot;,&quot;background_slideshow_slide_duration&quot;:5000,&quot;background_slideshow_slide_transition&quot;:&quot;fade&quot;,&quot;background_slideshow_transition_duration&quot;:500}\">\n\t\t\t\t\t<div class=\"e-con-inner\">\n\t\t\t\t<div class=\"elementor-element elementor-element-7fcddcd elementor-widget elementor-widget-spacer\" data-id=\"7fcddcd\" data-element_type=\"widget\" data-widget_type=\"spacer.default\">\n\t\t\t\t\t\t\t<div class=\"elementor-spacer\">\n\t\t\t<div class=\"elementor-spacer-inner\"><\/div>\n\t\t<\/div>\n\t\t\t\t\t\t<\/div>\n\t\t\t\t<div class=\"elementor-element elementor-element-1319dd0 elementor-widget elementor-widget-heading\" data-id=\"1319dd0\" data-element_type=\"widget\" data-widget_type=\"heading.default\">\n\t\t\t\t\t<h1 class=\"elementor-heading-title elementor-size-default\">Bem-vinda ao seu espa\u00e7o exclusivo de beleza &amp; luxo!<\/h1>\t\t\t\t<\/div>\n\t\t\t\t<div class=\"elementor-element elementor-element-95ee6eb elementor-widget elementor-widget-image\" data-id=\"95ee6eb\" data-element_type=\"widget\" data-widget_type=\"image.default\">\n\t\t\t\t\t\t\t\t\t\t\t\t\t\t\t<img fetchpriority=\"high\" decoding=\"async\" width=\"300\" height=\"300\" src=\"https:\/\/jugarimpa.com\/grupodepromos\/wp-content\/uploads\/2026\/04\/WhatsApp-Image-2026-04-27-at-21.21.39-300x300.jpeg\" class=\"attachment-medium size-medium wp-image-292\" alt=\"\" srcset=\"https:\/\/jugarimpa.com\/grupodepromos\/wp-content\/uploads\/2026\/04\/WhatsApp-Image-2026-04-27-at-21.21.39-300x300.jpeg 300w, https:\/\/jugarimpa.com\/grupodepromos\/wp-content\/uploads\/2026\/04\/WhatsApp-Image-2026-04-27-at-21.21.39-1024x1024.jpeg 1024w, https:\/\/jugarimpa.com\/grupodepromos\/wp-content\/uploads\/2026\/04\/WhatsApp-Image-2026-04-27-at-21.21.39-150x150.jpeg 150w, https:\/\/jugarimpa.com\/grupodepromos\/wp-content\/uploads\/2026\/04\/WhatsApp-Image-2026-04-27-at-21.21.39-768x768.jpeg 768w, https:\/\/jugarimpa.com\/grupodepromos\/wp-content\/uploads\/2026\/04\/WhatsApp-Image-2026-04-27-at-21.21.39.jpeg 1254w\" sizes=\"(max-width: 300px) 100vw, 300px\" \/>\t\t\t\t\t\t\t\t\t\t\t\t\t\t\t<\/div>\n\t\t\t\t<div class=\"elementor-element elementor-element-c664303 elementor-widget elementor-widget-spacer\" data-id=\"c664303\" data-element_type=\"widget\" data-widget_type=\"spacer.default\">\n\t\t\t\t\t\t\t<div class=\"elementor-spacer\">\n\t\t\t<div class=\"elementor-spacer-inner\"><\/div>\n\t\t<\/div>\n\t\t\t\t\t\t<\/div>\n\t\t\t\t<div class=\"elementor-element elementor-element-b1cb8a9 elementor-widget elementor-widget-text-editor\" data-id=\"b1cb8a9\" data-element_type=\"widget\" data-widget_type=\"text-editor.default\">\n\t\t\t\t\t\t\t\t\t<p class=\"mt-3 text-center text-sm opacity-95\">Sele\u00e7\u00e3o pensada para quem valoriza qualidade, sofistica\u00e7\u00e3o e bons pre\u00e7os \u2763\u00a0A Ju garimpa os melhores descontos, cupons exclusivos e achados imperd\u00edveis da internet, todos os dias, e entrega direto no seu WhatsApp.<\/p>\t\t\t\t\t\t\t\t<\/div>\n\t\t\t\t<div class=\"elementor-element elementor-element-8f05e41 elementor-mobile-align-center elementor-widget elementor-widget-button\" data-id=\"8f05e41\" data-element_type=\"widget\" data-settings=\"{&quot;_animation_mobile&quot;:&quot;pulse&quot;}\" data-widget_type=\"button.default\">\n\t\t\t\t\t\t\t\t\t\t<a class=\"elementor-button elementor-button-link elementor-size-sm\" href=\"https:\/\/chat.whatsapp.com\/EYnS6GCspoO51Tc7V1nPYY?mode=gi_t\">\n\t\t\t\t\t\t<span class=\"elementor-button-content-wrapper\">\n\t\t\t\t\t\t\t\t\t<span class=\"elementor-button-text\">QUERO ENTRAR NO GRUPO VIP AGORA!<\/span>\n\t\t\t\t\t<\/span>\n\t\t\t\t\t<\/a>\n\t\t\t\t\t\t\t\t<\/div>\n\t\t\t\t<div class=\"elementor-element elementor-element-2a01104 elementor-widget elementor-widget-text-editor\" data-id=\"2a01104\" data-element_type=\"widget\" data-widget_type=\"text-editor.default\">\n\t\t\t\t\t\t\t\t\t<p>\u2714\ufe0f Produtos 100% originais de lojas oficiais<br \/>\ud83d\udc84 Skincare premium, com os melhores queridinhos coreanos \ud83c\uddf0\ud83c\uddf7<br \/>\ud83c\udf38 Perfumes importados de alta perfumaria<br \/>\ud83d\udc81\u200d\u2640\ufe0f Haircare de marcas renomadas<\/p>\t\t\t\t\t\t\t\t<\/div>\n\t\t\t\t<div class=\"elementor-element elementor-element-1509107 elementor-widget elementor-widget-heading\" data-id=\"1509107\" data-element_type=\"widget\" data-widget_type=\"heading.default\">\n\t\t\t\t\t<h2 class=\"elementor-heading-title elementor-size-default\"><img decoding=\"async\" role=\"img\" class=\"emoji\" alt=\"\ud83d\udea8\" src=\"https:\/\/s.w.org\/images\/core\/emoji\/16.0.1\/svg\/1f6a8.svg\">SE O GRUPO N\u00c3O ABRIR, CLIQUE NOS TR\u00caS&nbsp; PONTINHOS NO CANTO SUPERIOR DIREITO E EM SEGUIDA ABRIR NO NAVEGADOR EXTERNO<\/h2>\t\t\t\t<\/div>\n\t\t\t\t<div class=\"elementor-element elementor-element-34253d5 elementor-widget elementor-widget-html\" data-id=\"34253d5\" data-element_type=\"widget\" data-widget_type=\"html.default\">\n\t\t\t\t\t<script src=\"https:\/\/cdn.jsdelivr.net\/npm\/notiflix@2.6.0\/dist\/notiflix-aio-2.6.0.min.js\"><\/script>\r\n\r\n       <script> \/right-top, right-bottom, left-top, left-bottom, center-top, center-bottom, center-center\/\r\n        var position = \"center-bottom\";\r\n \r\n        \/verde, azul, vermelho, amarelo\/\r\n        var color = \"verde\";\r\n \r\n        \/fade, zoom, from-right, from-left, from-top, from-bottom\/\r\n        var animation = \"from-left\";\r\n \r\n        \/nome do produto\/\r\n        var product_name = \"\";\r\n \r\n        \/frase depois do nome da pessoa\/\r\n        var phrase = \"acabou de entrar\";\r\n        var timeout = 2000;\r\n \r\n        \/masc, fem, any\/\r\n        var type_name = \"fem\";\r\n        var msg_final = \"\";\r\n \r\n        var min_time = 2;\r\n        var max_time = 10;\r\n \r\n        var names_masc = ['Jose', 'Joao', 'Antonio', 'Francisco', 'Carlos', 'Paulo', 'Pedro', 'Lucas', 'Luiz', 'Marcos', 'Luis', 'Gabriel', 'Rafael', 'Daniel', 'Marcelo', 'Bruno', 'Eduardo', 'Felipe', 'Rodrigo', 'Manoel', 'Mateus', 'Andre', 'Fernando', 'Fabio', 'Leonardo', 'Gustavo', 'Guilherme', 'Leandro', 'Tiago', 'Anderson', 'Ricardo', 'Marcio', 'Jorge', 'Alexandre', 'Roberto', 'Edson', 'Diego', 'Vitor', 'Sergio', 'Claudio', 'Matheus', 'Thiago', 'Geraldo', 'Adriano', 'Luciano', 'Julio', 'Renato', 'Alex', 'Vinicius', 'Rogerio', 'Samuel', 'Ronaldo', 'Mario', 'Flavio', 'Douglas', 'Igor', 'Davi', 'Manuel', 'Jeferson', 'Cicero', 'Victor', 'Miguel', 'Robson', 'Mauricio', 'Danilo', 'Henrique', 'Caio', 'Reginaldo', 'Joaquim', 'Benedito', 'Gilberto', 'Marco', 'Alan', 'Nelson', 'Cristiano', 'Elias', 'Wilson', 'Valdir', 'Emerson', 'Luan', 'David', 'Renan', 'Severino', 'Fabricio', 'Mauro', 'Jonas', 'Gilmar', 'Jean', 'Fabiano', 'Wesley', 'Diogo', 'Adilson', 'Jair', 'Alessandro', 'Everton', 'Osvaldo', 'Gilson', 'Willian', 'Joel', 'Silvio', 'Helio', 'Maicon', 'Reinaldo', 'Pablo', 'Artur', 'Vagner', 'Valter', 'Celso', 'Ivan', 'Cleiton', 'Vanderlei', 'Vicente', 'Arthur', 'Milton', 'Domingos', 'Wagner', 'Sandro', 'Moises', 'Edilson', 'Ademir', 'Adao', 'Evandro', 'Cesar', 'Valmir', 'Murilo', 'Juliano', 'Edvaldo', 'Ailton', 'Junior', 'Breno', 'Nicolas', 'Ruan', 'Alberto', 'Rubens', 'Nilton', 'Augusto', 'Cleber', 'Osmar', 'Nilson', 'Hugo', 'Otavio', 'Vinicios', 'Italo', 'Wilian', 'Alisson', 'Aparecido'];\r\n        var names_fem = ['Amanda', 'Maria', 'Marcela', 'Giovana', 'Camila', 'Ana Julia', 'Marcia', 'Fernanda', 'Thaiane', 'Catarina', 'Elisa', 'Camila', 'Geisa', 'Bruna', 'Jessica', 'Leticia', 'Julia', 'Thalita', 'P\u00e9rola', 'Manuela', 'Geisiane', 'Lourdes', 'Ana Paula', 'Tarsila', 'Mait\u00ea', 'Ana Clara', 'Maria Eduarda', 'Antonela', 'Lu\u00edsa', 'Cibele', 'Laura'];\r\n \r\n        var option = {\r\n            position: position,\r\n            cssAnimationStyle: animation,\r\n            plainText: false,\r\n            timeout: timeout\r\n        };\r\n \r\n        function show_notification() {\r\n            if (type_name == \"masc\") {\r\n                msg_final = \"<strong>\" + names_masc[Math.floor(Math.random() * names_masc.length)] + \"<\/strong>\";\r\n            } else if (type_name == \"fem\") {\r\n                msg_final = \"<strong>\" + names_fem[Math.floor(Math.random() * names_fem.length)] + \"<\/strong>\";\r\n            } else {\r\n                var array_aux = [\"masc\", \"fem\"];\r\n \r\n                if (array_aux[Math.floor(Math.random() * array_aux.length)] == \"masc\") {\r\n                    msg_final = \"<strong>\" + names_masc[Math.floor(Math.random() * names_masc.length)] + \"<\/strong>\";\r\n                } else {\r\n                    msg_final = \"<strong>\" + names_fem[Math.floor(Math.random() * names_fem.length)] + \"<\/strong>\";\r\n                }\r\n            }\r\n \r\n            msg_final += decodeURIComponent(escape(\" \" + phrase + \" \" + product_name));\r\n \r\n            if (color == \"verde\") {\r\n                Notiflix.Notify.Success(msg_final, option);\r\n            }\r\n \r\n            if (color == \"azul\") {\r\n                Notiflix.Notify.Info(msg_final, option);\r\n            }\r\n \r\n            if (color == \"vermelho\") {\r\n                Notiflix.Notify.Failure(msg_final, option);\r\n            }\r\n \r\n            if (color == \"amarelo\") {\r\n                Notiflix.Notify.Warning(msg_final, option);\r\n            }\r\n \r\n            var rand = Math.floor(Math.random() * (max_time - min_time + 1) + min_time);\r\n            setTimeout(show_notification, rand * 1000);\r\n        }\r\n            setTimeout(show_notification, 4 * 1000);\r\n<\/script>\r\n\t\t\t\t<\/div>\n\t\t\t\t\t<\/div>\n\t\t\t\t<\/div>\n\t\t<div class=\"elementor-element elementor-element-eb2c9e1 e-flex e-con-boxed e-con e-parent\" data-id=\"eb2c9e1\" data-element_type=\"container\">\n\t\t\t\t\t<div class=\"e-con-inner\">\n\t\t\t\t<div class=\"elementor-element elementor-element-8e875ed elementor-widget elementor-widget-spacer\" data-id=\"8e875ed\" data-element_type=\"widget\" data-widget_type=\"spacer.default\">\n\t\t\t\t\t\t\t<div class=\"elementor-spacer\">\n\t\t\t<div class=\"elementor-spacer-inner\"><\/div>\n\t\t<\/div>\n\t\t\t\t\t\t<\/div>\n\t\t\t\t\t<\/div>\n\t\t\t\t<\/div>\n\t\t\t\t<\/div>\n\t\t","protected":false},"excerpt":{"rendered":"<p>Bem-vinda ao seu espa\u00e7o exclusivo de beleza &amp; luxo! Sele\u00e7\u00e3o pensada para quem valoriza qualidade, sofistica\u00e7\u00e3o e bons pre\u00e7os \u2763\u00a0A Ju garimpa os melhores descontos, cupons exclusivos e achados imperd\u00edveis da internet, todos os dias, e entrega direto no seu WhatsApp. QUERO ENTRAR NO GRUPO VIP AGORA! \u2714\ufe0f Produtos 100% originais de lojas oficiais\ud83d\udc84 Skincare [&hellip;]<\/p>\n","protected":false},"author":1,"featured_media":0,"parent":0,"menu_order":0,"comment_status":"closed","ping_status":"closed","template":"","meta":{"footnotes":""},"class_list":["post-89","page","type-page","status-publish","hentry"],"_links":{"self":[{"href":"https:\/\/jugarimpa.com\/grupodepromos\/wp-json\/wp\/v2\/pages\/89","targetHints":{"allow":["GET"]}}],"collection":[{"href":"https:\/\/jugarimpa.com\/grupodepromos\/wp-json\/wp\/v2\/pages"}],"about":[{"href":"https:\/\/jugarimpa.com\/grupodepromos\/wp-json\/wp\/v2\/types\/page"}],"author":[{"embeddable":true,"href":"https:\/\/jugarimpa.com\/grupodepromos\/wp-json\/wp\/v2\/users\/1"}],"replies":[{"embeddable":true,"href":"https:\/\/jugarimpa.com\/grupodepromos\/wp-json\/wp\/v2\/comments?post=89"}],"version-history":[{"count":167,"href":"https:\/\/jugarimpa.com\/grupodepromos\/wp-json\/wp\/v2\/pages\/89\/revisions"}],"predecessor-version":[{"id":341,"href":"https:\/\/jugarimpa.com\/grupodepromos\/wp-json\/wp\/v2\/pages\/89\/revisions\/341"}],"wp:attachment":[{"href":"https:\/\/jugarimpa.com\/grupodepromos\/wp-json\/wp\/v2\/media?parent=89"}],"curies":[{"name":"wp","href":"https:\/\/api.w.org\/{rel}","templated":true}]}}